{"id":5139,"date":"2026-04-08T08:56:00","date_gmt":"2026-04-08T07:56:00","guid":{"rendered":"https:\/\/janmadeus.net\/?page_id=5139"},"modified":"2026-04-08T08:56:01","modified_gmt":"2026-04-08T07:56:01","slug":"impressum","status":"publish","type":"page","link":"https:\/\/janmadeus.net\/en\/impressum\/","title":{"rendered":"Impressum"},"content":{"rendered":"<h2 class=\"wp-block-heading\">Jan Madeus Architekturfotografie<\/h2>\n\n\n\n<p>Krzysztof Jarzebinski<br>Wrangelstr. 9<br>10997 Berlin<\/p>\n\n\n\n<p>Mobil: +49 177 4966 444<\/p>\n\n\n\n<h2 class=\"wp-block-heading\">Haftungsausschluss<\/h2>\n\n\n\n<p>Die Inhalte unserer Website wurden mit gr\u00f6\u00dfter Sorgfalt und nach bestem Wissen erstellt. Wir k\u00f6nnen jedoch keine Gew\u00e4hr f\u00fcr die Richtigkeit, Vollst\u00e4ndigkeit und Aktualit\u00e4t aller Inhalte \u00fcbernehmen. Gem\u00e4\u00df \u00a7 7 Abs. 1 TMG sind wir als Diensteanbieter f\u00fcr eigene Inhalte auf diesen Seiten nach den allgemeinen Gesetzen verantwortlich. Als Diensteanbieter sind wir jedoch nach \u00a7\u00a7 8 bis 10 TMG nicht verpflichtet, \u00fcbermittelte oder gespeicherte fremde Informationen zu \u00fcberwachen. Bei Bekanntwerden einer konkreten Rechtsverletzung werden wir derartige Inhalte umgehend entfernen. Eine diesbez\u00fcgliche Haftung ist erst ab dem Zeitpunkt der Kenntnis der Rechtsverletzung m\u00f6glich.<\/p>\n\n\n\n<p><\/p>\n\n\n\n<p><\/p>\n\n\n\n<h2 class=\"wp-block-heading\">Haftungsbeschr\u00e4nkung f\u00fcr externe Links<\/h2>\n\n\n\n<p>Unsere Website enth\u00e4lt Links zu externen Websites Dritter (\u201eexterne Links\u201c). Da wir keinen Einfluss auf die Inhalte dieser Webseiten haben, \u00fcbernehmen wir keine Haftung f\u00fcr solche fremden Inhalte. F\u00fcr die Inhalte und die Richtigkeit der bereitgestellten Informationen ist stets der jeweilige Anbieter oder Betreiber der verlinkten Seiten verantwortlich. Zum Zeitpunkt der Verlinkung waren keine Rechtsverst\u00f6\u00dfe erkennbar. Sollten wir Kenntnis von einer Rechtsverletzung erlangen, werden wir den entsprechenden Link umgehend entfernen.<\/p>\n\n\n\n<h2 class=\"wp-block-heading\">Urheberrecht<\/h2>\n\n\n\n<p>Die auf dieser Webseite ver\u00f6ffentlichten Inhalte und Werke unterliegen dem deutschen Urheberrecht. Jede Vervielf\u00e4ltigung, Bearbeitung, Verbreitung und jede Art der Verwertung au\u00dferhalb der Grenzen des Urheberrechts bedarf der vorherigen schriftlichen Zustimmung des jeweiligen Autors bzw. Erstellers.<\/p>\n\n\n\n<p><\/p>\n\n\n\n<h2 class=\"wp-block-heading\">Data Protection<\/h2>\n\n\n\n<p>Beim Besuch unserer Webseite k\u00f6nnen Informationen \u00fcber den Zugriff (Datum, Uhrzeit und aufgerufene Seite) auf dem Server gespeichert werden. Dies stellt keine Auswertung personenbezogener Daten (wie Name, Anschrift oder E-Mail-Adresse) dar. Soweit personenbezogene Daten erhoben werden, erfolgt dies \u2013 soweit m\u00f6glich \u2013 nur mit vorheriger Einwilligung des Webseitenbesuchers. Daten werden ohne ausdr\u00fcckliche Einwilligung des Nutzers nicht an Dritte weitergegeben.<\/p>\n\n\n\n<p>Wir weisen ausdr\u00fccklich darauf hin, dass die Daten\u00fcbertragung \u00fcber das Internet (z. B. per E-Mail) Sicherheitsl\u00fccken aufweisen kann. Ein l\u00fcckenloser Schutz der Daten vor dem Zugriff Dritter ist nicht m\u00f6glich. F\u00fcr Sch\u00e4den, die aus solchen Sicherheitsl\u00fccken entstehen, \u00fcbernehmen wir keine Haftung. Die Nutzung der ver\u00f6ffentlichten Kontaktdaten durch Dritte zu Werbezwecken ist ausdr\u00fccklich untersagt. Wir behalten uns rechtliche Schritte gegen den Versand unerw\u00fcnschter Werbung, beispielsweise per Spam-E-Mail, vor.<\/p>","protected":false},"excerpt":{"rendered":"<p>Jan Madeus Architekturfotografie Krzysztof JarzebinskiWrangelstr. 910997 Berlin Mobil: +49 177 4966 444 Haftungsausschluss Die Inhalte unserer Website wurden mit gr\u00f6\u00dfter Sorgfalt und nach bestem Wissen erstellt. Wir k\u00f6nnen jedoch keine Gew\u00e4hr f\u00fcr die Richtigkeit, Vollst\u00e4ndigkeit und Aktualit\u00e4t aller Inhalte \u00fcbernehmen. Gem\u00e4\u00df \u00a7 7 Abs. 1 TMG sind wir als Diensteanbieter f\u00fcr eigene Inhalte auf diesen [&hellip;]<\/p>\n","protected":false},"author":1,"featured_media":0,"parent":0,"menu_order":0,"comment_status":"closed","ping_status":"open","template":"","meta":{"_acf_changed":false,"om_disable_all_campaigns":false,"_monsterinsights_skip_tracking":false,"_monsterinsights_sitenote_active":false,"_monsterinsights_sitenote_note":"","_monsterinsights_sitenote_category":0,"_uf_show_specific_survey":0,"_uf_disable_surveys":false,"_vp_format_video_url":"","_vp_image_focal_point":[],"footnotes":""},"class_list":["post-5139","page","type-page","status-publish","hentry"],"acf":[],"aioseo_notices":[],"_links":{"self":[{"href":"https:\/\/janmadeus.net\/en\/wp-json\/wp\/v2\/pages\/5139","targetHints":{"allow":["GET"]}}],"collection":[{"href":"https:\/\/janmadeus.net\/en\/wp-json\/wp\/v2\/pages"}],"about":[{"href":"https:\/\/janmadeus.net\/en\/wp-json\/wp\/v2\/types\/page"}],"author":[{"embeddable":true,"href":"https:\/\/janmadeus.net\/en\/wp-json\/wp\/v2\/users\/1"}],"replies":[{"embeddable":true,"href":"https:\/\/janmadeus.net\/en\/wp-json\/wp\/v2\/comments?post=5139"}],"version-history":[{"count":2,"href":"https:\/\/janmadeus.net\/en\/wp-json\/wp\/v2\/pages\/5139\/revisions"}],"predecessor-version":[{"id":5157,"href":"https:\/\/janmadeus.net\/en\/wp-json\/wp\/v2\/pages\/5139\/revisions\/5157"}],"wp:attachment":[{"href":"https:\/\/janmadeus.net\/en\/wp-json\/wp\/v2\/media?parent=5139"}],"curies":[{"name":"wp","href":"https:\/\/api.w.org\/{rel}","templated":true}]}}