{"id":4888,"date":"2026-04-02T08:16:48","date_gmt":"2026-04-02T07:16:48","guid":{"rendered":"https:\/\/janmadeus.net\/?page_id=4888"},"modified":"2026-04-15T13:20:35","modified_gmt":"2026-04-15T12:20:35","slug":"faq","status":"publish","type":"page","link":"https:\/\/janmadeus.net\/en\/faq\/","title":{"rendered":"Frequently Asked Questions"},"content":{"rendered":"<div data-elementor-type=\"wp-page\" data-elementor-id=\"4888\" class=\"elementor elementor-4888\" data-elementor-post-type=\"page\">\n\t\t\t\t\t\t<section class=\"elementor-section elementor-top-section elementor-element elementor-element-a93944e elementor-section-full_width elementor-section-height-default elementor-section-height-default\" data-id=\"a93944e\" data-element_type=\"section\" data-e-type=\"section\">\n\t\t\t\t\t\t<div class=\"elementor-container elementor-column-gap-no\">\n\t\t\t\t\t<div class=\"elementor-column elementor-col-100 elementor-top-column elementor-element elementor-element-2922b3b\" data-id=\"2922b3b\" data-element_type=\"column\" data-e-type=\"column\">\n\t\t\t<div class=\"elementor-widget-wrap elementor-element-populated\">\n\t\t\t\t\t\t<div class=\"elementor-element elementor-element-fd3ecaf elementor-widget elementor-widget-vlt-page-title\" data-id=\"fd3ecaf\" data-element_type=\"widget\" data-e-type=\"widget\" data-settings=\"{&quot;aos_animation_name&quot;:&quot;none&quot;}\" data-widget_type=\"vlt-page-title.default\">\n\t\t\t\t<div class=\"elementor-widget-container\">\n\t\t\t\t\t\r\n\t\t<div class=\"vlt-page-title\">\r\n\r\n\t\t\t<div class=\"container\">\r\n\r\n\t\t\t\t<h1 class=\"vlt-page-title__heading\">H\u00e4ufige Fragen zur Architekturfotografie<\/h1><nav class=\"vlt-page-title__breadcrumbs\"><span><a href=\"https:\/\/janmadeus.net\/en\/\" ><span>Home<\/span><\/a><\/span> <span class=\"sep\"><i class=\"fa-regular fa-angles-right\"><\/i><\/span> <span class=\"current\">Pages<\/span><\/nav>\r\n\t\t\t<\/div>\r\n\r\n\t\t<\/div>\r\n\r\n\t\t<div id=\"fd3ecaf\"><\/div>\r\n\r\n\t\t\t\t\t\t<\/div>\n\t\t\t\t<\/div>\n\t\t\t\t\t<\/div>\n\t\t<\/div>\n\t\t\t\t\t<\/div>\n\t\t<\/section>\n\t\t\t\t<section class=\"elementor-section elementor-top-section elementor-element elementor-element-af6732f elementor-section-boxed elementor-section-height-default elementor-section-height-default\" data-id=\"af6732f\" data-element_type=\"section\" data-e-type=\"section\">\n\t\t\t\t\t\t<div class=\"elementor-container elementor-column-gap-extended\">\n\t\t\t\t\t<div class=\"elementor-column elementor-col-100 elementor-top-column elementor-element elementor-element-9d67299\" data-id=\"9d67299\" data-element_type=\"column\" data-e-type=\"column\">\n\t\t\t<div class=\"elementor-widget-wrap elementor-element-populated\">\n\t\t\t\t\t\t<div data-aos=\"custom\" data-aos-once=\"true\" class=\"elementor-element elementor-element-fb3d6d9 elementor-widget elementor-widget-vlt-heading\" data-id=\"fb3d6d9\" data-element_type=\"widget\" data-e-type=\"widget\" data-settings=\"{&quot;aos_animation_name&quot;:&quot;custom&quot;}\" data-widget_type=\"vlt-heading.default\">\n\t\t\t\t<div class=\"elementor-widget-container\">\n\t\t\t\t\t\n\t\t<h2 class=\"vlt-heading\">\n\n\t\t\t\n\t\t\t\t\t\t\tFragen & Antworten\t\t\t\n\t\t\t\n\t\t<\/h2>\n\n\t\t\t\t\t<\/div>\n\t\t\t\t<\/div>\n\t\t\t\t<div class=\"elementor-element elementor-element-6ad78a1 elementor-widget elementor-widget-spacer\" data-id=\"6ad78a1\" data-element_type=\"widget\" data-e-type=\"widget\" data-settings=\"{&quot;aos_animation_name&quot;:&quot;none&quot;}\" data-widget_type=\"spacer.default\">\n\t\t\t\t\t\t\t<div class=\"elementor-spacer\">\n\t\t\t<div class=\"elementor-spacer-inner\"><\/div>\n\t\t<\/div>\n\t\t\t\t\t\t<\/div>\n\t\t\t\t<div data-aos=\"custom\" data-aos-once=\"true\" class=\"elementor-element elementor-element-b475f97 elementor-widget elementor-widget-vlt-accordion\" data-id=\"b475f97\" data-element_type=\"widget\" data-e-type=\"widget\" data-settings=\"{&quot;aos_animation_name&quot;:&quot;custom&quot;}\" data-widget_type=\"vlt-accordion.default\">\n\t\t\t\t<div class=\"elementor-widget-container\">\n\t\t\t\t\t\r\n\t\t<div class=\"vlt-accordion\">\r\n\r\n\t\t\t\r\n\t\t\t\t<div class=\"vlt-accordion__item\">\r\n\r\n\t\t\t\t\t<h5 class=\"vlt-accordion__title\">\r\n\t\t\t\t\t\tWas kostet Architekturfotografie?\t\t\t\t\t\t<i class=\"ri-add-line\"><\/i>\r\n\t\t\t\t\t<\/h5>\r\n\r\n\t\t\t\t\t<div class=\"vlt-accordion__content\"><p>Pauschalpreise gibt es bei mir nicht \u2013 und das hat einen Grund. Ein Einfamilienhaus kurz vor Fertigstellung ist etwas anderes als eine mehrt\u00e4gige Dokumentation eines Gewerbeprojekts. Was ich aber garantieren kann: Du bekommst nach einem kurzen Gespr\u00e4ch ein ehrliches, nachvollziehbares Angebot, das genau zu deinem Projekt und deinem Budget passt. Kein Kleingedrucktes, keine versteckten Kosten.<\/p><\/div>\r\n\r\n\t\t\t\t<\/div>\r\n\r\n\t\t\t\r\n\t\t\t\t<div class=\"vlt-accordion__item\">\r\n\r\n\t\t\t\t\t<h5 class=\"vlt-accordion__title\">\r\n\t\t\t\t\t\tWie l\u00e4uft ein Fotoshooting ab?\t\t\t\t\t\t<i class=\"ri-add-line\"><\/i>\r\n\t\t\t\t\t<\/h5>\r\n\r\n\t\t\t\t\t<div class=\"vlt-accordion__content\"><p>Am Anfang steht immer ein Gespr\u00e4ch \u2013 ich m\u00f6chte verstehen, wof\u00fcr die Bilder genutzt werden und was dir besonders wichtig ist. Daraus entwickle ich einen konkreten Plan: Lichtverh\u00e4ltnisse, Tageszeit, Perspektiven. Vor Ort arbeite ich konzentriert und ruhig \u2013 kein Chaos, kein Zeitdruck. Die meisten meiner Kunden sind \u00fcberrascht, wie entspannt der Tag verl\u00e4uft und wie viel wir dabei trotzdem schaffen.<\/p><\/div>\r\n\r\n\t\t\t\t<\/div>\r\n\r\n\t\t\t\r\n\t\t\t\t<div class=\"vlt-accordion__item\">\r\n\r\n\t\t\t\t\t<h5 class=\"vlt-accordion__title\">\r\n\t\t\t\t\t\tWann ist der beste Zeitpunkt f\u00fcr die Aufnahmen?\t\t\t\t\t\t<i class=\"ri-add-line\"><\/i>\r\n\t\t\t\t\t<\/h5>\r\n\r\n\t\t\t\t\t<div class=\"vlt-accordion__content\"><p>Das ist eine der wichtigsten Fragen \u00fcberhaupt \u2013 und die Antwort h\u00e4ngt komplett vom Geb\u00e4ude und seiner Lage ab. Manche Fassaden kommen im fr\u00fchen Morgenlicht zur Geltung, andere erst am sp\u00e4ten Nachmittag, wenn die Sonne tief steht. Manchmal ist das Zeitfenster, das wirklich z\u00e4hlt, nur 20 Minuten lang. Ich kenne diese Momente und plane gezielt darauf hin.<\/p><\/div>\r\n\r\n\t\t\t\t<\/div>\r\n\r\n\t\t\t\r\n\t\t\t\t<div class=\"vlt-accordion__item\">\r\n\r\n\t\t\t\t\t<h5 class=\"vlt-accordion__title\">\r\n\t\t\t\t\t\tWie viele Bilder bekomme ich?\t\t\t\t\t\t<i class=\"ri-add-line\"><\/i>\r\n\t\t\t\t\t<\/h5>\r\n\r\n\t\t\t\t\t<div class=\"vlt-accordion__content\"><p>Das ist schwer pauschal zu sagen \u2013 und ich finde, das sollte es auch nicht sein. Was ich dir liefere, ist eine sorgf\u00e4ltig ausgew\u00e4hlte Auswahl: Bilder, die du tats\u00e4chlich verwendest, nicht 200 Aufnahmen, durch die du dich erst durcharbeiten musst. Erfahrungsgem\u00e4\u00df sind es je nach Projekt zwischen 20 und 60 fertig bearbeitete Bilder \u2013 aber wichtiger als die Zahl ist, dass jedes davon sitzt.<\/p><\/div>\r\n\r\n\t\t\t\t<\/div>\r\n\r\n\t\t\t\r\n\t\t\t\t<div class=\"vlt-accordion__item\">\r\n\r\n\t\t\t\t\t<h5 class=\"vlt-accordion__title\">\r\n\t\t\t\t\t\tWie werden die Bilder genutzt (Nutzungsrechte)?\t\t\t\t\t\t<i class=\"ri-add-line\"><\/i>\r\n\t\t\t\t\t<\/h5>\r\n\r\n\t\t\t\t\t<div class=\"vlt-accordion__content\"><p>Nutzungsrechte klingen erstmal trocken, sind aber wichtig. Kurz gesagt: Wir legen gemeinsam fest, wo und wie die Bilder eingesetzt werden d\u00fcrfen \u2013 zum Beispiel auf deiner Website, f\u00fcr einen Architekturwettbewerb oder in Fachmagazinen. Das hat Einfluss auf den Preis, und ich erkl\u00e4re dir das transparent, bevor wir starten. So gibt es sp\u00e4ter keine \u00dcberraschungen.<\/p><\/div>\r\n\r\n\t\t\t\t<\/div>\r\n\r\n\t\t\t\r\n\t\t\t\t<div class=\"vlt-accordion__item\">\r\n\r\n\t\t\t\t\t<h5 class=\"vlt-accordion__title\">\r\n\t\t\t\t\t\tMuss ich etwas vorbereiten?\t\t\t\t\t\t<i class=\"ri-add-line\"><\/i>\r\n\t\t\t\t\t<\/h5>\r\n\r\n\t\t\t\t\t<div class=\"vlt-accordion__content\"><p>Ja \u2013 und das lohnt sich wirklich. Ein Baustellen-Container im Vordergrund, eine halboffene Jalousie oder ein falsch geparktes Auto k\u00f6nnen ein starkes Bild unn\u00f6tig ruinieren. Damit das nicht passiert, bekommst du von mir im Vorfeld eine kurze, praktische Checkliste. Die meisten sagen danach, dass das der wertvollste Teil der Zusammenarbeit war \u2013 bevor wir \u00fcberhaupt angefangen haben zu fotografieren.<\/p><\/div>\r\n\r\n\t\t\t\t<\/div>\r\n\r\n\t\t\t\r\n\t\t<\/div>\r\n\r\n\t\t\t\t\t\t<\/div>\n\t\t\t\t<\/div>\n\t\t\t\t\t<\/div>\n\t\t<\/div>\n\t\t\t\t\t<\/div>\n\t\t<\/section>\n\t\t\t\t<\/div>","protected":false},"excerpt":{"rendered":"<p>H\u00e4ufige Fragen zur Architekturfotografie Home Pages Fragen &#038; Antworten Was kostet Architekturfotografie? Pauschalpreise gibt es bei mir nicht \u2013 und das hat einen Grund. Ein Einfamilienhaus kurz vor Fertigstellung ist etwas anderes als eine mehrt\u00e4gige Dokumentation eines Gewerbeprojekts. Was ich aber garantieren kann: Du bekommst nach einem kurzen Gespr\u00e4ch ein ehrliches, nachvollziehbares Angebot, das genau [&hellip;]<\/p>\n","protected":false},"author":1,"featured_media":0,"parent":0,"menu_order":27,"comment_status":"closed","ping_status":"closed","template":"template-custom-page.php","meta":{"_acf_changed":false,"om_disable_all_campaigns":false,"_monsterinsights_skip_tracking":false,"_monsterinsights_sitenote_active":false,"_monsterinsights_sitenote_note":"","_monsterinsights_sitenote_category":0,"_uf_show_specific_survey":0,"_uf_disable_surveys":false,"_vp_format_video_url":"","_vp_image_focal_point":[],"footnotes":""},"class_list":["post-4888","page","type-page","status-publish","hentry"],"acf":[],"aioseo_notices":[],"_links":{"self":[{"href":"https:\/\/janmadeus.net\/en\/wp-json\/wp\/v2\/pages\/4888","targetHints":{"allow":["GET"]}}],"collection":[{"href":"https:\/\/janmadeus.net\/en\/wp-json\/wp\/v2\/pages"}],"about":[{"href":"https:\/\/janmadeus.net\/en\/wp-json\/wp\/v2\/types\/page"}],"author":[{"embeddable":true,"href":"https:\/\/janmadeus.net\/en\/wp-json\/wp\/v2\/users\/1"}],"replies":[{"embeddable":true,"href":"https:\/\/janmadeus.net\/en\/wp-json\/wp\/v2\/comments?post=4888"}],"version-history":[{"count":17,"href":"https:\/\/janmadeus.net\/en\/wp-json\/wp\/v2\/pages\/4888\/revisions"}],"predecessor-version":[{"id":5311,"href":"https:\/\/janmadeus.net\/en\/wp-json\/wp\/v2\/pages\/4888\/revisions\/5311"}],"wp:attachment":[{"href":"https:\/\/janmadeus.net\/en\/wp-json\/wp\/v2\/media?parent=4888"}],"curies":[{"name":"wp","href":"https:\/\/api.w.org\/{rel}","templated":true}]}}