{"id":3,"date":"2026-03-31T00:26:18","date_gmt":"2026-03-30T23:26:18","guid":{"rendered":"https:\/\/janmadeus.net\/?page_id=3"},"modified":"2026-04-08T08:41:19","modified_gmt":"2026-04-08T07:41:19","slug":"datenschutz","status":"publish","type":"page","link":"https:\/\/janmadeus.net\/en\/datenschutz\/","title":{"rendered":"Data Protection"},"content":{"rendered":"<p>\n\n\n<h2 class=\"wp-block-heading\">Wer wir sind<\/h2>\n\n\n\n<p>Personenbezogene Daten (nachfolgend meist kurz \u201eDaten\u201c) werden von uns nur im erforderlichen Umfang und zum Zweck der Bereitstellung einer funktionalen und benutzerfreundlichen Website, einschlie\u00dflich ihrer Inhalte und der dort angebotenen Dienste, verarbeitet.<br>Gem\u00e4\u00df Art. 4 Nr. 1 der Verordnung (EU) 2016\/679, der Datenschutz-Grundverordnung (nachfolgend \u201eDSGVO\u201c), bezeichnet \u201eVerarbeitung\u201c jeden mit oder ohne Hilfe automatisierter Verfahren ausgef\u00fchrten Vorgang oder jede solche Vorgangsreihe im Zusammenhang mit personenbezogenen Daten wie das Erheben, das Erfassen, die Organisation, das Ordnen, die Speicherung, die Anpassung oder Ver\u00e4nderung, das Auslesen, das Abfragen, die Verwendung, die Offenlegung durch \u00dcbermittlung, Verbreitung oder eine andere Form der Bereitstellung, den Abgleich oder die Verkn\u00fcpfung, die Einschr\u00e4nkung, das L\u00f6schen oder die Vernichtung.<br>Mit der folgenden Datenschutzerkl\u00e4rung informieren wir Sie insbesondere \u00fcber Art, Umfang, Zweck, Dauer und Rechtsgrundlage der Verarbeitung personenbezogener Daten, soweit wir allein oder gemeinsam mit anderen \u00fcber die Zwecke und Mittel der Verarbeitung entscheiden. Dar\u00fcber hinaus informieren wir Sie im Folgenden \u00fcber die von uns zu Optimierungszwecken und zur Verbesserung der Nutzungsqualit\u00e4t eingesetzten Drittanbieterkomponenten, sofern diese Daten in eigener Verantwortung verarbeiten.<\/p>\n\n\n\n<h2 class=\"wp-block-heading\">Unsere Datenschutzerkl\u00e4rung ist wie folgt gegliedert:<\/h2>\n\n\n\n<p>I. Informationen \u00fcber uns als Verantwortlichen<br>II. Rechte der Nutzer und Betroffenen<br>III. Informationen zur Datenverarbeitung<\/p>\n\n\n\n<h2 class=\"wp-block-heading\">I. Informationen \u00fcber uns als Verantwortlichen<\/h2>\n\n\n\n<p>Verantwortlicher Anbieter dieser Website im Sinne des Datenschutzrechts ist:<\/p>\n\n\n\n<p>Krzysztof Jarzebinski<br>Wrangelstr. 9<br>10997 Berlin<br>Deutschland<\/p>\n\n\n\n<p>Telefon: +49 177 4966444<br>E-Mail: kjar@gmx.de<\/p>\n\n\n\n<p>Hinsichtlich der nachfolgend n\u00e4her beschriebenen Datenverarbeitung haben Nutzer und Betroffene folgende Rechte:<\/p>\n\n\n\n<h2 class=\"wp-block-heading\">II. Rechte der Nutzer und Betroffenen<\/h2>\n\n\n\n<p>Aussage dar\u00fcber, ob sie betreffende Daten verarbeitet werden,<br>Auskunft \u00fcber die verarbeiteten Daten, weitere Informationen \u00fcber die Datenverarbeitung und Kopien der Daten (siehe auch Art. 15 DSGVO), Berichtigung oder Vervollst\u00e4ndigung unrichtiger oder unvollst\u00e4ndiger Daten (siehe auch Art. 16 DSGVO), unverz\u00fcgliche L\u00f6schung der sie betreffenden Daten (siehe auch Art. 17 DSGVO) oder alternativ, sofern eine weitere Verarbeitung gem\u00e4\u00df Art. 17 Abs. 3 DSGVO erforderlich ist, Einschr\u00e4nkung der Verarbeitung gem\u00e4\u00df Art. 18 DSGVO,<br>Erhalt der sie betreffenden Daten, die sie bereitgestellt haben, und \u00dcbermittlung dieser Daten an andere Anbieter\/Verantwortliche (siehe auch Art. 20 DSGVO),<br>Beschwerde bei der Aufsichtsbeh\u00f6rde, wenn sie der Ansicht sind, dass die sie betreffenden Daten vom Anbieter unter Versto\u00df gegen die Datenschutzbestimmungen verarbeitet werden (siehe auch Art. 77 DSGVO).<br>Dar\u00fcber hinaus ist der Anbieter verpflichtet, alle Empf\u00e4nger, denen Daten vom Anbieter offengelegt wurden, \u00fcber jede Berichtigung, L\u00f6schung oder Einschr\u00e4nkung der Verarbeitung gem\u00e4\u00df Art. 16, 17 Abs. 1 und 18 DSGVO zu informieren. Diese Verpflichtung besteht nicht, wenn die Benachrichtigung unm\u00f6glich ist oder einen unverh\u00e4ltnism\u00e4\u00dfigen Aufwand erfordert. Ungeachtet dessen haben Nutzer ein Recht auf Auskunft \u00fcber diese Empf\u00e4nger.<br>Nutzer und Betroffene haben gem\u00e4\u00df Art. 21 DSGVO auch das Recht, der k\u00fcnftigen Verarbeitung sie betreffender Daten zu widersprechen, sofern die Daten vom Anbieter gem\u00e4\u00df Art. 6 Abs. 1 lit. f DSGVO verarbeitet werden. Insbesondere ist ein Widerspruch gegen die Datenverarbeitung zum Zwecke der Direktwerbung zul\u00e4ssig.<\/p>\n\n\n\n<h2 class=\"wp-block-heading\">III. Informationen zur Datenverarbeitung<\/h2>\n\n\n\n<p>Die bei der Nutzung unserer Website verarbeiteten Daten werden gel\u00f6scht oder gesperrt, sobald der Zweck der Speicherung entf\u00e4llt, sofern keine gesetzlichen Aufbewahrungspflichten der L\u00f6schung entgegenstehen und nachfolgend keine abweichenden Regelungen f\u00fcr einzelne Verarbeitungsvorg\u00e4nge getroffen wurden.<\/p>\n\n\n\n<h2 class=\"wp-block-heading\">Cookie-Manager<\/h2>\n\n\n\n<p>Um die Einwilligung zur Verwendung technisch nicht notwendiger Cookies auf der Website einzuholen, verwendet der Anbieter einen Cookie-Manager. Beim Aufruf unserer Website wird ein Cookie mit den Einstellungen auf Ihrem Ger\u00e4t gespeichert, sodass Ihre Einwilligung bei sp\u00e4teren Besuchen nicht erneut eingeholt werden muss. Dieser Cookie ist erforderlich, um eine rechtskonforme Einwilligung zu gew\u00e4hrleisten. Sie k\u00f6nnen die Installation von Cookies in Ihren Browsereinstellungen verhindern oder beenden.<\/p>\n\n\n\n<h2 class=\"wp-block-heading\">a) Session-Cookies<\/h2>\n\n\n\n<p>Wir verwenden auf unserer Website Cookies. Cookies sind kleine Textdateien oder andere Speichertechnologien, die von Ihrem Internetbrowser auf Ihrem Ger\u00e4t platziert und gespeichert werden. Diese Cookies verarbeiten bestimmte Informationen \u00fcber Sie, wie z. B. Browser- oder Standortdaten oder Ihre IP-Adresse.<br>Diese Verarbeitung macht unsere Website nutzerfreundlicher, effektiver und sicherer, beispielsweise durch die Anzeige unserer Website in verschiedenen Sprachen oder die Bereitstellung einer Warenkorbfunktion.<br>Rechtsgrundlage f\u00fcr diese Verarbeitung ist Art. 6 Abs. 1 lit. b DSGVO, sofern diese Cookies Daten zur Vertragsanbahnung oder -erf\u00fcllung verarbeiten. Dient die Verarbeitung nicht der Vertragsanbahnung oder -erf\u00fcllung, liegt unser berechtigtes Interesse in der Verbesserung der Funktionalit\u00e4t unserer Website. Rechtsgrundlage ist in diesem Fall Art. 6 Abs. 1 lit. f DSGVO.<\/p>\n\n\n\n<h2 class=\"wp-block-heading\"><\/h2>\n\n\n\n<p><\/p>","protected":false},"excerpt":{"rendered":"<p>Wer wir sind Personenbezogene Daten (nachfolgend meist kurz \u201eDaten\u201c) werden von uns nur im erforderlichen Umfang und zum Zweck der Bereitstellung einer funktionalen und benutzerfreundlichen Website, einschlie\u00dflich ihrer Inhalte und der dort angebotenen Dienste, verarbeitet.Gem\u00e4\u00df Art. 4 Nr. 1 der Verordnung (EU) 2016\/679, der Datenschutz-Grundverordnung (nachfolgend \u201eDSGVO\u201c), bezeichnet \u201eVerarbeitung\u201c jeden mit oder ohne Hilfe automatisierter [&hellip;]<\/p>\n","protected":false},"author":1,"featured_media":0,"parent":0,"menu_order":0,"comment_status":"closed","ping_status":"open","template":"","meta":{"_acf_changed":false,"om_disable_all_campaigns":false,"_monsterinsights_skip_tracking":false,"_monsterinsights_sitenote_active":false,"_monsterinsights_sitenote_note":"","_monsterinsights_sitenote_category":0,"_uf_show_specific_survey":0,"_uf_disable_surveys":false,"_vp_format_video_url":"","_vp_image_focal_point":[],"footnotes":""},"class_list":["post-3","page","type-page","status-publish","hentry"],"acf":[],"aioseo_notices":[],"_links":{"self":[{"href":"https:\/\/janmadeus.net\/en\/wp-json\/wp\/v2\/pages\/3","targetHints":{"allow":["GET"]}}],"collection":[{"href":"https:\/\/janmadeus.net\/en\/wp-json\/wp\/v2\/pages"}],"about":[{"href":"https:\/\/janmadeus.net\/en\/wp-json\/wp\/v2\/types\/page"}],"author":[{"embeddable":true,"href":"https:\/\/janmadeus.net\/en\/wp-json\/wp\/v2\/users\/1"}],"replies":[{"embeddable":true,"href":"https:\/\/janmadeus.net\/en\/wp-json\/wp\/v2\/comments?post=3"}],"version-history":[{"count":11,"href":"https:\/\/janmadeus.net\/en\/wp-json\/wp\/v2\/pages\/3\/revisions"}],"predecessor-version":[{"id":5154,"href":"https:\/\/janmadeus.net\/en\/wp-json\/wp\/v2\/pages\/3\/revisions\/5154"}],"wp:attachment":[{"href":"https:\/\/janmadeus.net\/en\/wp-json\/wp\/v2\/media?parent=3"}],"curies":[{"name":"wp","href":"https:\/\/api.w.org\/{rel}","templated":true}]}}